{"id":1535,"date":"2014-09-09T22:59:40","date_gmt":"2014-09-09T20:59:40","guid":{"rendered":"https:\/\/baumschubbser.de\/?page_id=1535"},"modified":"2025-03-16T09:22:03","modified_gmt":"2025-03-16T08:22:03","slug":"befehlsammlung","status":"publish","type":"page","link":"https:\/\/baumschubbser.de\/?page_id=1535","title":{"rendered":"Befehlsammlung"},"content":{"rendered":"<p>Es gibt so ein paar Befehle, die wiederholen sich von Zeit zu Zeit. Dummerweise kann ich sie mir selten auswendig lernen, au\u00dfer vielleicht<\/p>\n<pre>sudo apt-get<\/pre>\n<pre>shutdown -P now (+10)<\/pre>\n<p>Damit ich nicht immer erst gro\u00df suchen muss, schreibe ich sie mir jetzt mal auf. So nach und nach wird der ein oder andere Befehl noch dazu kommen.<span id=\"more-1218\"><\/span><\/p>\n<pre>ssh-copy-id -i .ssh\/id_rsa.pub bstest@192.168.1.1<\/pre>\n<p>Hiermit \u00fcbertrage ich den Public Key von meinem lokalen Rechner auf den Server.<\/p>\n<pre>sudo blkid<\/pre>\n<p>Mit <strong>blkid<\/strong> lassen sich wichtige Informationen wie <a href=\"http:\/\/wiki.ubuntuusers.de\/udev\">Ger\u00e4tedatei<\/a>, <a href=\"http:\/\/wiki.ubuntuusers.de\/UUID\">Identifikationsnummer<\/a>, <a href=\"http:\/\/wiki.ubuntuusers.de\/Labels\">Name<\/a> und <a href=\"http:\/\/wiki.ubuntuusers.de\/Dateisystem\">Dateisystem<\/a> \u00fcber die in angeschlossenen Speichermedien enthaltenen Partitionen anzeigen.<\/p>\n<p>&nbsp;<\/p>\n<p>Um in \u201cVIM\u201d etwas einf\u00fcgen zu k\u00f6nnen dr\u00fccke man erst die Taste \u201ci\u201d<\/p>\n<p>Zum Verlassen und Speichern \u201cesc\u201d-Taste -&gt; :wq<\/p>\n<pre>mkdir<\/pre>\n<p>um ein neues Verzeichnis zu erstellen.<\/p>\n<p>Wenn Pakete nicht aktualisiert, bzw. zur\u00fcckgehalten werden, k\u00f6nnen sie mit<\/p>\n<pre>sudo apt-get dist-upgrade<\/pre>\n<p>installiert werden.<\/p>\n<pre>sudo apt-get autoremove<\/pre>\n<p>entfernt \u00fcberfl\u00fcssige Pakete.<\/p>\n<pre>df -h<\/pre>\n<p>Zeigt den freien Speicherplatz auf den Speichermedien an. Das -h formatiert in GB, MB usw.<\/p>\n<pre>touch [Dateiname]<\/pre>\n<p>erstellt eine neue leere Datei \/ Textdokument<\/p>\n<p>Befehl um smb-Ordner in Gnome einzubinden<\/p>\n<pre>ln -s \/home\/&lt;user&gt;\/.gvfs\/&lt;share&gt; \/home\/&lt;user&gt;\/nas<\/pre>\n<p>oder<\/p>\n<pre>ln -s \/run\/user\/1000\/gvfs\/smb-share\\:server\\=192.168.1.1\\,share\\=benutzername-server\/ \/home\/benutzername-lokal\/nas\/<\/pre>\n<p>Um das Mikrofon \u00fcber Boxen verst\u00e4rkt auszugeben, geht folgender Befehl:<\/p>\n<pre>$ parec --latency-msec=1 | pacat --latency-msec=1<\/pre>\n<p>Auch dieser Link ist interessant:<\/p>\n<p><a href=\"http:\/\/linuxundich.de\/gnu-linux\/mit-pulseaudio-von-zwei-quellen-zur-selben-zeit-ton-aufnehmen\/\" target=\"_blank\">http:\/\/linuxundich.de\/gnu-linux\/mit-pulseaudio-von-zwei-quellen-zur-selben-zeit-ton-aufnehmen\/<\/a><\/p>\n<p>M\u00f6chte ich ein externes Speichermedium tempor\u00e4r auf einem Rechner einh\u00e4ngen, benutze ich den Befehl:<\/p>\n<pre>sudo mount -t ext4 -o ro \/dev\/sdc1 \/var\/www\/html\/media\/<\/pre>\n<p>&nbsp;<\/p>\n","protected":false},"excerpt":{"rendered":"<p>Es gibt so ein paar Befehle, die wiederholen sich von Zeit zu Zeit. Dummerweise kann ich sie mir selten auswendig lernen, au\u00dfer vielleicht sudo apt-get shutdown -P now (+10) Damit ich nicht immer erst gro\u00df suchen muss, schreibe ich sie &hellip; <a href=\"https:\/\/baumschubbser.de\/?page_id=1535\">Weiterlesen <span class=\"meta-nav\">&rarr;<\/span><\/a><\/p>\n","protected":false},"author":2,"featured_media":0,"parent":0,"menu_order":3,"comment_status":"open","ping_status":"open","template":"","meta":{"footnotes":""},"class_list":["post-1535","page","type-page","status-publish","hentry"],"_links":{"self":[{"href":"https:\/\/baumschubbser.de\/index.php?rest_route=\/wp\/v2\/pages\/1535","targetHints":{"allow":["GET"]}}],"collection":[{"href":"https:\/\/baumschubbser.de\/index.php?rest_route=\/wp\/v2\/pages"}],"about":[{"href":"https:\/\/baumschubbser.de\/index.php?rest_route=\/wp\/v2\/types\/page"}],"author":[{"embeddable":true,"href":"https:\/\/baumschubbser.de\/index.php?rest_route=\/wp\/v2\/users\/2"}],"replies":[{"embeddable":true,"href":"https:\/\/baumschubbser.de\/index.php?rest_route=%2Fwp%2Fv2%2Fcomments&post=1535"}],"version-history":[{"count":1,"href":"https:\/\/baumschubbser.de\/index.php?rest_route=\/wp\/v2\/pages\/1535\/revisions"}],"predecessor-version":[{"id":2361,"href":"https:\/\/baumschubbser.de\/index.php?rest_route=\/wp\/v2\/pages\/1535\/revisions\/2361"}],"wp:attachment":[{"href":"https:\/\/baumschubbser.de\/index.php?rest_route=%2Fwp%2Fv2%2Fmedia&parent=1535"}],"curies":[{"name":"wp","href":"https:\/\/api.w.org\/{rel}","templated":true}]}}